{"id":126,"date":"2010-02-12T02:48:50","date_gmt":"2010-02-12T00:48:50","guid":{"rendered":"http:\/\/spear-fishing.gr\/?page_id=126"},"modified":"2025-12-05T12:53:55","modified_gmt":"2025-12-05T10:53:55","slug":"%cf%80%ce%b1%ce%b3%ce%ba%cf%8c%cf%83%ce%bc%ce%b9%ce%b1-%cf%80%cf%81%cf%89%cf%84%ce%b1%ce%b8%ce%bb%ce%ae%ce%bc%ce%b1%cf%84%ce%b1","status":"publish","type":"page","link":"http:\/\/spear-fishing.gr\/?page_id=126","title":{"rendered":"\u03a0\u03b1\u03b3\u03ba\u03cc\u03c3\u03bc\u03b9\u03b1 \u03a0\u03c1\u03c9\u03c4\u03b1\u03b8\u03bb\u03ae\u03bc\u03b1\u03c4\u03b1"},"content":{"rendered":"<p><img decoding=\"async\" class=\"flag-singlepic flag-none\" src=\"http:\/\/spear-fishing.gr\/wp-content\/flagallery\/mundial_2008\/drugi-dan-776.jpg\" alt=\"\" align=\"none\" \/><\/p>\n<table border=\"1\" cellspacing=\"0\" cellpadding=\"0\">\n<tbody>\n<tr>\n<td><strong>\u0388\u03c4\u03bf\u03c2<\/strong><\/td>\n<td><strong>\u03a4\u03cc\u03c0\u03bf\u03c2<\/strong><\/td>\n<td><strong>\u0391\u03c4\u03bf\u03bc\u03b9\u03ba\u03cc<\/strong><\/td>\n<td><strong>\u039f\u03bc\u03b1\u03b4\u03b9\u03ba\u03cc<\/strong><\/td>\n<\/tr>\n<tr>\n<td>1957<\/td>\n<td>Yugoslavia<\/td>\n<td>1. Catalani (Italia)<br \/>\n2. Armanda (Yugoslavia)<br \/>\n3. Balenovich (Yugoslavia)<\/td>\n<td>1. Italia<br \/>\n2. Yugoslavia<br \/>\n3. Francia<\/td>\n<\/tr>\n<tr>\n<td>1958<\/td>\n<td>Portugal<\/td>\n<td>1. Corman (Francia)<br \/>\n2. Roux (Francia)<br \/>\n3. Ripa (Italia)<\/td>\n<td>1. Francia<br \/>\n2. Italia<br \/>\n3. Brasil<\/td>\n<\/tr>\n<tr>\n<td>1959<\/td>\n<td>Malta<\/td>\n<td>1. Lentz (USA)<br \/>\n2. Mart\u00ed (Espa\u00f1a)<br \/>\n3. Ripa (Italia)<\/td>\n<td>1. Espa\u00f1a<br \/>\n2. Italia<br \/>\n3. USA<\/td>\n<\/tr>\n<tr>\n<td>1960<\/td>\n<td>Italia<\/td>\n<td>1. Hermanny (Brasil)<br \/>\n2. Ripa (Italia)<br \/>\n3. Del Monico (USA)<\/td>\n<td>1. Italia<br \/>\n2. Espa\u00f1a<br \/>\n3. USA<\/td>\n<\/tr>\n<tr>\n<td>1961<\/td>\n<td>Espa\u00f1a<\/td>\n<td>1. Gomis (Espa\u00f1a)<br \/>\n2. Noguera (Espa\u00f1a)<br \/>\n3. Ripa (Italia)<\/td>\n<td>1. Espa\u00f1a<br \/>\n2. Francia<br \/>\n3. USA<\/td>\n<\/tr>\n<tr>\n<td>1963<\/td>\n<td>Brasil<\/td>\n<td>1. Hermanny (Brasil)<br \/>\n2. Feffler (USA)<br \/>\n3. Dessault (Francia)<\/td>\n<td>1. Francia<br \/>\n2. Brasil<br \/>\n3. USA<\/td>\n<\/tr>\n<tr>\n<td>1965<\/td>\n<td>Polinesia Francesa<\/td>\n<td>1. Taylor (Australia)<br \/>\n2. Hoata (Francia)<br \/>\n3. Tapu (Francia)<\/td>\n<td>1. Francia<br \/>\n2. Australia<br \/>\n3. USA<\/td>\n<\/tr>\n<tr>\n<td>1967<\/td>\n<td>Cuba<\/td>\n<td>1. Tapu (Francia)<br \/>\n2. Gomez (Cuba)<br \/>\n3. Reyes (Cuba)<\/td>\n<td>1. Cuba<br \/>\n2. Francia<br \/>\n3. Espa\u00f1a<\/td>\n<\/tr>\n<tr>\n<td>1969<\/td>\n<td>Italia<\/td>\n<td>1. Scarpati (Italia)<br \/>\n2. Gaspari (Italia)<br \/>\n3. Santoro (Italia)<\/td>\n<td>1. Italia<br \/>\n2. Francia<br \/>\n3. Brasil<\/td>\n<\/tr>\n<tr>\n<td>1971<\/td>\n<td>Chile<\/td>\n<td>1. Choque (Chile)<br \/>\n2. Ernst (USA)<br \/>\n3. Barchi (Per\u00fa)<\/td>\n<td>1. Chile<br \/>\n2. USA<br \/>\n3. Italia<\/td>\n<\/tr>\n<tr>\n<td>1973<\/td>\n<td>Espa\u00f1a<\/td>\n<td>1. Amengual (Espa\u00f1a)<br \/>\n2. Scarpati (Italia)<br \/>\n3. Noguera (Espa\u00f1a)<\/td>\n<td>1. Espa\u00f1a<br \/>\n2. Italia<br \/>\n3. Francia<\/td>\n<\/tr>\n<tr>\n<td>1975<\/td>\n<td>Per\u00fa<\/td>\n<td>1. Esclapez (Francia)<br \/>\n2. Diaz (Brasil)<br \/>\n3. Amengual (Espa\u00f1a)<\/td>\n<td>1. Brasil<br \/>\n2. Espa\u00f1a<br \/>\n3. USA<\/td>\n<\/tr>\n<tr>\n<td>1981<\/td>\n<td>Brasil<\/td>\n<td>1. Amengual (Espa\u00f1a)<br \/>\n2. Esclapez (Francia)<br \/>\n3. Molteni (Italia)<\/td>\n<td>1. Italia<br \/>\n2. Francia<br \/>\n3. Espa\u00f1a<\/td>\n<\/tr>\n<tr>\n<td>1983<\/td>\n<td>Chile<\/td>\n<td>1. Flores (Chile)<br \/>\n2. Ernst (USA)<br \/>\n3. Andrade (Chile)<\/td>\n<td>1. Chile<br \/>\n2. USA<br \/>\n3. Francia<\/td>\n<\/tr>\n<tr>\n<td>1985<\/td>\n<td>Espa\u00f1a<\/td>\n<td>1. Amengual (Espa\u00f1a)<br \/>\n2. Jurinchich (Italia)<br \/>\n3. Toschi (Italia)<\/td>\n<td>1. Espa\u00f1a<br \/>\n2. Italia<br \/>\n3. Francia<\/td>\n<\/tr>\n<tr>\n<td>1987<\/td>\n<td>Turqu\u00eda<\/td>\n<td>1. Mazzari (Italia)<br \/>\n2. Esclapez (Francia)<br \/>\n3. Zanki (Yugoslavia)<\/td>\n<td>1. Italia<br \/>\n2. Yugoslavia<br \/>\n3. Francia<\/td>\n<\/tr>\n<tr>\n<td>1989<\/td>\n<td>Italia<\/td>\n<td>1. Mazzari (Italia)<br \/>\n2. Carrodano (Francia)<br \/>\n3. Salvatori (Francia)<\/td>\n<td>1. Italia<br \/>\n2. Francia<br \/>\n3. Espa\u00f1a<\/td>\n<\/tr>\n<tr>\n<td>1992<\/td>\n<td>Espa\u00f1a<\/td>\n<td>1. Mazzari (Italia)<br \/>\n2. Salvatori (Francia)<br \/>\n3. Amengual (Espa\u00f1a)<\/td>\n<td>1. Italia<br \/>\n2. Espa\u00f1a<br \/>\n3. Francia<\/td>\n<\/tr>\n<tr>\n<td>1994<\/td>\n<td>Per\u00fa<\/td>\n<td>1. Vi\u00f1a (Espa\u00f1a)<br \/>\n2. Caro (Chile)<br \/>\n3. Punuaaitua (Tahiti)<\/td>\n<td>1. Espa\u00f1a<br \/>\n2. Chile<br \/>\n3. Italia<\/td>\n<\/tr>\n<tr>\n<td>1996<\/td>\n<td>Espa\u00f1a<\/td>\n<td>1. Carbonell (Espa\u00f1a)<br \/>\n2. Vi\u00f1a (Espa\u00f1a)<br \/>\n3. Silva (Portugal)<\/td>\n<td>1. Espa\u00f1a<br \/>\n2. Portugal<br \/>\n3. Italia<\/td>\n<\/tr>\n<tr>\n<td>1998<\/td>\n<td>Croacia<\/td>\n<td>1. March (Espa\u00f1a)<br \/>\n2. Ramaciotti (Italia)<br \/>\n3. Antonini (Italia)<\/td>\n<td>1. Italia<br \/>\n2. Espa\u00f1a<br \/>\n3. Croacia<\/td>\n<\/tr>\n<tr>\n<td>2000<\/td>\n<td>Tahit\u00ed<\/td>\n<td>1. Carbonell (Espa\u00f1a)<br \/>\n2. Punuaaitua (Tahiti)<br \/>\n3. March (Espa\u00f1a)<\/td>\n<td>1. Espa\u00f1a<br \/>\n2. Tahiti<br \/>\n3. Francia<\/td>\n<\/tr>\n<tr>\n<td>2002<\/td>\n<td>Brasil<\/td>\n<td>1. Carbonell (Espa\u00f1a)<br \/>\n2. Pacheco (Brasil)<br \/>\n3. Ramaciotti (Italia)<\/td>\n<td>1. Espa\u00f1a<br \/>\n2. Italia<br \/>\n3. Francia<\/td>\n<\/tr>\n<tr>\n<td>2004<\/td>\n<td>Chile<\/td>\n<td>1. Bellani (Italia)<br \/>\n2. Duarte (Chile)<br \/>\n3. B\u00f3squez (Chile)<\/td>\n<td>1. Chile<br \/>\n2. Italia<br \/>\n3. Espa\u00f1a<\/td>\n<\/tr>\n<tr>\n<td>2006<\/td>\n<td>Portugal<\/td>\n<td>1. Saez (Chile)<br \/>\n2. Silva (Portugal)<br \/>\n3. L\u00f3pez Cid (Espa\u00f1a)<\/td>\n<td>1. Portugal<br \/>\n2. Espa\u00f1a<br \/>\n3. Chile<\/td>\n<\/tr>\n<tr>\n<td>2008<\/td>\n<td>Venezuela<\/td>\n<td>1. Kerejeta (Espa\u00f1a)<br \/>\n2. Sideris (Grecia)<br \/>\n3. Carbonell (Espa\u00f1a)<\/td>\n<td>1. Espa\u00f1a<br \/>\n2. Italia<br \/>\n3. Croacia<\/td>\n<\/tr>\n<tr>\n<td>2010<\/td>\n<td>Croatia<\/td>\n<td>1. Gospic (Croacia)<br \/>\n2. Buratovic (Croacia)<br \/>\n3. De Silvestri (Italia)<\/td>\n<td>1. Croacia<br \/>\n2. Italia<br \/>\n3. Espa\u00f1a<\/td>\n<\/tr>\n<tr>\n<td>2012<\/td>\n<td>Espa\u00f1a<\/td>\n<td>1.\u00a0Lot (Portugal)<br \/>\n2. Linares (Espa\u00f1a)<br \/>\n3. Gospic (Croacia)<\/td>\n<td>1. Espa\u00f1a<br \/>\n2. Portugal<br \/>\n3. Croacia<\/td>\n<\/tr>\n<tr>\n<td>2014<\/td>\n<td>Peru<\/td>\n<td>1. Blanco (Espana)2. Tomas (Espana)3. Cid (Espana<\/td>\n<td>1. Epana2. Portugal3. Croatia<\/td>\n<\/tr>\n<tr>\n<td>2016<\/td>\n<td>Greece<\/td>\n<td>1. Vasileiou (Cyprus)2. Sideris (Greece)3. Kavvadias (Greece)<\/td>\n<td>1. Greece2. Italy3. Cyprus<\/td>\n<\/tr>\n<tr>\n<td>2018<\/td>\n<td>Portugal<\/td>\n<td>1. Lot (Portugal)2. Domingues (Portugal)3. Blanco Pastor (Spain)<\/td>\n<td>1.\u00a0<span style=\"font-family: inherit; font-size: inherit;\">Spain<\/span>2.\u00a0<span style=\"font-family: inherit; font-size: inherit;\">Portugal<\/span>3. Chile<\/td>\n<\/tr>\n<tr>\n<td>2021<\/td>\n<td>Italy<\/td>\n<td>1. De Mola (Italy)2. Cervantes (Spain)3. Kesic (Croatia)<\/td>\n<td>1. Italy2. Spain3. Greece<\/td>\n<\/tr>\n<tr>\n<td>2023<\/td>\n<td>Spain<\/td>\n<td>1. Lopez Cid (Spain)2. Puretti (Italy)<\/p>\n<p>3. De Mola (Italy)<\/td>\n<td>1. Spain2. Italy<\/p>\n<p>3. Tahiti<\/td>\n<\/tr>\n<tr>\n<td>2025<\/td>\n<td>Brasil<\/td>\n<td>1. Lamartiniere (Tahiti)<\/p>\n<p>2. De Mola (Italy)<\/p>\n<p>3. Herbert (N. Zeeland)<\/td>\n<td>1. Spain<\/p>\n<p>2. Tahiti<\/p>\n<p>3. France<\/td>\n<\/tr>\n<\/tbody>\n<\/table>\n","protected":false},"excerpt":{"rendered":"<p>\u0388\u03c4\u03bf\u03c2 \u03a4\u03cc\u03c0\u03bf\u03c2 \u0391\u03c4\u03bf\u03bc\u03b9\u03ba\u03cc \u039f\u03bc\u03b1\u03b4\u03b9\u03ba\u03cc 1957 Yugoslavia 1. Catalani (Italia) 2. Armanda (Yugoslavia) 3. Balenovich (Yugoslavia) 1. Italia 2. Yugoslavia 3. Francia 1958 Portugal 1. Corman (Francia) 2. Roux (Francia) 3. Ripa (Italia) 1. Francia 2. Italia 3. Brasil 1959 Malta 1. Lentz (USA) 2. Mart\u00ed (Espa\u00f1a) 3. Ripa (Italia) 1. Espa\u00f1a 2. Italia 3. USA [&hellip;]<\/p>\n","protected":false},"author":3,"featured_media":0,"parent":0,"menu_order":90,"comment_status":"closed","ping_status":"closed","template":"","meta":{"footnotes":""},"_links":{"self":[{"href":"http:\/\/spear-fishing.gr\/index.php?rest_route=\/wp\/v2\/pages\/126"}],"collection":[{"href":"http:\/\/spear-fishing.gr\/index.php?rest_route=\/wp\/v2\/pages"}],"about":[{"href":"http:\/\/spear-fishing.gr\/index.php?rest_route=\/wp\/v2\/types\/page"}],"author":[{"embeddable":true,"href":"http:\/\/spear-fishing.gr\/index.php?rest_route=\/wp\/v2\/users\/3"}],"replies":[{"embeddable":true,"href":"http:\/\/spear-fishing.gr\/index.php?rest_route=%2Fwp%2Fv2%2Fcomments&post=126"}],"version-history":[{"count":30,"href":"http:\/\/spear-fishing.gr\/index.php?rest_route=\/wp\/v2\/pages\/126\/revisions"}],"predecessor-version":[{"id":4160,"href":"http:\/\/spear-fishing.gr\/index.php?rest_route=\/wp\/v2\/pages\/126\/revisions\/4160"}],"wp:attachment":[{"href":"http:\/\/spear-fishing.gr\/index.php?rest_route=%2Fwp%2Fv2%2Fmedia&parent=126"}],"curies":[{"name":"wp","href":"https:\/\/api.w.org\/{rel}","templated":true}]}}